{"id":1064,"date":"2023-11-01T14:31:15","date_gmt":"2023-11-01T13:31:15","guid":{"rendered":"https:\/\/marbellaluxapartment.com\/om-os\/"},"modified":"2025-03-22T17:18:35","modified_gmt":"2025-03-22T16:18:35","slug":"about","status":"publish","type":"page","link":"https:\/\/marbellaluxapartment.com\/da\/about\/","title":{"rendered":"Om"},"content":{"rendered":"<div data-elementor-type=\"wp-post\" data-elementor-id=\"1064\" class=\"elementor elementor-1064\" data-elementor-post-type=\"page\">\n\t\t\t\t<div class=\"elementor-element elementor-element-096dc4d e-flex e-con-boxed e-con e-parent\" data-id=\"096dc4d\" data-element_type=\"container\" data-e-type=\"container\" data-settings=\"{&quot;background_background&quot;:&quot;classic&quot;}\">\n\t\t\t\t\t<div class=\"e-con-inner\">\n\t\t<div class=\"elementor-element elementor-element-7f2292a e-con-full e-flex e-con e-child\" data-id=\"7f2292a\" data-element_type=\"container\" data-e-type=\"container\">\n\t\t\t\t<\/div>\n\t\t\t\t\t<\/div>\n\t\t\t\t<\/div>\n\t\t<div class=\"elementor-element elementor-element-a9b5fca e-flex e-con-boxed e-con e-parent\" data-id=\"a9b5fca\" data-element_type=\"container\" data-e-type=\"container\" data-settings=\"{&quot;background_background&quot;:&quot;classic&quot;}\">\n\t\t\t\t\t<div class=\"e-con-inner\">\n\t\t<div class=\"elementor-element elementor-element-aaba1b9 e-con-full e-flex elementor-invisible e-con e-child\" data-id=\"aaba1b9\" data-element_type=\"container\" data-e-type=\"container\" data-settings=\"{&quot;animation&quot;:&quot;fadeInLeft&quot;,&quot;animation_mobile&quot;:&quot;fadeInUp&quot;}\">\n\t\t\t\t<div class=\"elementor-element elementor-element-1c50463 elementor-widget elementor-widget-heading\" data-id=\"1c50463\" data-element_type=\"widget\" data-e-type=\"widget\" data-widget_type=\"heading.default\">\n\t\t\t\t<div class=\"elementor-widget-container\">\n\t\t\t\t\t<h2 class=\"elementor-heading-title elementor-size-default\">Velkommen til Ocean View<\/h2>\t\t\t\t<\/div>\n\t\t\t\t<\/div>\n\t\t\t\t<div class=\"elementor-element elementor-element-deb8e6d elementor-widget elementor-widget-text-editor\" data-id=\"deb8e6d\" data-element_type=\"widget\" data-e-type=\"widget\" data-widget_type=\"text-editor.default\">\n\t\t\t\t<div class=\"elementor-widget-container\">\n\t\t\t\t\t\t\t\t\tBeliggende i bakkerne, der gr\u00e6nser op til et unikt og beskyttet naturomr\u00e5de, indtager Ocean View en\nprivilegeret position kun f\u00e5 \u00f8jeblikke fra charmerende andalusiske landsbyer, de mest eftertragtede omr\u00e5der\nefter sportsfaciliteter, fantastiske strande og de mange attraktioner i Marbella.\t\t\t\t\t\t\t\t<\/div>\n\t\t\t\t<\/div>\n\t\t\t\t<div class=\"elementor-element elementor-element-905d76a elementor-mobile-align-justify elementor-widget-mobile__width-inherit elementor-widget elementor-widget-button\" data-id=\"905d76a\" data-element_type=\"widget\" data-e-type=\"widget\" data-widget_type=\"button.default\">\n\t\t\t\t<div class=\"elementor-widget-container\">\n\t\t\t\t\t\t\t\t\t<div class=\"elementor-button-wrapper\">\n\t\t\t\t\t<a class=\"elementor-button elementor-button-link elementor-size-sm elementor-animation-bob\" href=\"https:\/\/marbellaluxapartment.com\/da\/sea-view-apartment\/\">\n\t\t\t\t\t\t<span class=\"elementor-button-content-wrapper\">\n\t\t\t\t\t\t<span class=\"elementor-button-icon\">\n\t\t\t\t<i aria-hidden=\"true\" class=\"fal fa-long-arrow-right\"><\/i>\t\t\t<\/span>\n\t\t\t\t\t\t\t\t\t<span class=\"elementor-button-text\">Se lejlighed<\/span>\n\t\t\t\t\t<\/span>\n\t\t\t\t\t<\/a>\n\t\t\t\t<\/div>\n\t\t\t\t\t\t\t\t<\/div>\n\t\t\t\t<\/div>\n\t\t\t\t<\/div>\n\t\t<div class=\"elementor-element elementor-element-5734463 e-con-full e-flex e-con e-child\" data-id=\"5734463\" data-element_type=\"container\" data-e-type=\"container\">\n\t\t\t\t<div class=\"elementor-element elementor-element-c60ad00 elementor-widget elementor-widget-image\" data-id=\"c60ad00\" data-element_type=\"widget\" data-e-type=\"widget\" data-widget_type=\"image.default\">\n\t\t\t\t<div class=\"elementor-widget-container\">\n\t\t\t\t\t\t\t\t\t\t\t\t\t\t\t<img fetchpriority=\"high\" decoding=\"async\" width=\"800\" height=\"400\" src=\"https:\/\/marbellaluxapartment.com\/wp-content\/uploads\/Block-6-2-1024x512.jpg\" class=\"attachment-large size-large wp-image-2017\" alt=\"\" srcset=\"https:\/\/marbellaluxapartment.com\/wp-content\/uploads\/Block-6-2-1024x512.jpg 1024w, https:\/\/marbellaluxapartment.com\/wp-content\/uploads\/Block-6-2-300x150.jpg 300w, https:\/\/marbellaluxapartment.com\/wp-content\/uploads\/Block-6-2-768x384.jpg 768w, https:\/\/marbellaluxapartment.com\/wp-content\/uploads\/Block-6-2-1536x768.jpg 1536w, https:\/\/marbellaluxapartment.com\/wp-content\/uploads\/Block-6-2-scaled.jpg 2048w\" sizes=\"(max-width: 800px) 100vw, 800px\" \/>\t\t\t\t\t\t\t\t\t\t\t\t\t\t\t<\/div>\n\t\t\t\t<\/div>\n\t\t\t\t<\/div>\n\t\t\t\t\t<\/div>\n\t\t\t\t<\/div>\n\t\t<div class=\"elementor-element elementor-element-9d1d028 e-flex e-con-boxed e-con e-parent\" data-id=\"9d1d028\" data-element_type=\"container\" data-e-type=\"container\" data-settings=\"{&quot;background_background&quot;:&quot;classic&quot;}\">\n\t\t\t\t\t<div class=\"e-con-inner\">\n\t\t<div class=\"elementor-element elementor-element-d91e7d4 e-con-full e-flex elementor-invisible e-con e-child\" data-id=\"d91e7d4\" data-element_type=\"container\" data-e-type=\"container\" data-settings=\"{&quot;animation&quot;:&quot;fadeInLeft&quot;,&quot;animation_mobile&quot;:&quot;fadeInUp&quot;}\">\n\t\t\t\t<div class=\"elementor-element elementor-element-ceb337c elementor-widget elementor-widget-heading\" data-id=\"ceb337c\" data-element_type=\"widget\" data-e-type=\"widget\" data-widget_type=\"heading.default\">\n\t\t\t\t<div class=\"elementor-widget-container\">\n\t\t\t\t\t<h2 class=\"elementor-heading-title elementor-size-default\">Hilsen fra ejerne<\/h2>\t\t\t\t<\/div>\n\t\t\t\t<\/div>\n\t\t\t\t<div class=\"elementor-element elementor-element-5e867f9 elementor-widget elementor-widget-text-editor\" data-id=\"5e867f9\" data-element_type=\"widget\" data-e-type=\"widget\" data-widget_type=\"text-editor.default\">\n\t\t\t\t<div class=\"elementor-widget-container\">\n\t\t\t\t\t\t\t\t\t<p>Vi \u00f8nsker dig et vidunderligt ophold i vores dejlige lejlighed p\u00e5 en af \u200b\u200bde bedste beliggenheder i Sydeuropa.<\/p><p>Pia Andersen, Jane Tambour, Ann Uglvig Jessen, John Andersen, Morten Helsinghoff and Preben Fog Svendsen<\/p>\t\t\t\t\t\t\t\t<\/div>\n\t\t\t\t<\/div>\n\t\t\t\t<\/div>\n\t\t<div class=\"elementor-element elementor-element-40d0921 e-con-full e-flex e-con e-child\" data-id=\"40d0921\" data-element_type=\"container\" data-e-type=\"container\" data-settings=\"{&quot;animation_mobile&quot;:&quot;none&quot;}\">\n\t\t\t\t<div class=\"elementor-element elementor-element-8e6f6c3 elementor-widget elementor-widget-image\" data-id=\"8e6f6c3\" data-element_type=\"widget\" data-e-type=\"widget\" data-widget_type=\"image.default\">\n\t\t\t\t<div class=\"elementor-widget-container\">\n\t\t\t\t\t\t\t\t\t\t\t\t\t\t\t<img decoding=\"async\" width=\"800\" height=\"601\" src=\"https:\/\/marbellaluxapartment.com\/wp-content\/uploads\/Owners-of-Ocean-View-1-1024x769.jpeg\" class=\"attachment-large size-large wp-image-2520\" alt=\"\" srcset=\"https:\/\/marbellaluxapartment.com\/wp-content\/uploads\/Owners-of-Ocean-View-1-1024x769.jpeg 1024w, https:\/\/marbellaluxapartment.com\/wp-content\/uploads\/Owners-of-Ocean-View-1-300x225.jpeg 300w, https:\/\/marbellaluxapartment.com\/wp-content\/uploads\/Owners-of-Ocean-View-1-768x577.jpeg 768w, https:\/\/marbellaluxapartment.com\/wp-content\/uploads\/Owners-of-Ocean-View-1.jpeg 1284w\" sizes=\"(max-width: 800px) 100vw, 800px\" \/>\t\t\t\t\t\t\t\t\t\t\t\t\t\t\t<\/div>\n\t\t\t\t<\/div>\n\t\t\t\t<\/div>\n\t\t\t\t\t<\/div>\n\t\t\t\t<\/div>\n\t\t<div class=\"elementor-element elementor-element-7b04ac6 e-flex e-con-boxed e-con e-parent\" data-id=\"7b04ac6\" data-element_type=\"container\" data-e-type=\"container\" data-settings=\"{&quot;background_background&quot;:&quot;classic&quot;}\">\n\t\t\t\t\t<div class=\"e-con-inner\">\n\t\t<div class=\"elementor-element elementor-element-b7698ad e-con-full e-flex elementor-invisible e-con e-child\" data-id=\"b7698ad\" data-element_type=\"container\" data-e-type=\"container\" data-settings=\"{&quot;animation&quot;:&quot;fadeInUp&quot;,&quot;animation_mobile&quot;:&quot;fadeInUp&quot;}\">\n\t\t\t\t<div class=\"elementor-element elementor-element-f6c7367 elementor-widget elementor-widget-heading\" data-id=\"f6c7367\" data-element_type=\"widget\" data-e-type=\"widget\" data-widget_type=\"heading.default\">\n\t\t\t\t<div class=\"elementor-widget-container\">\n\t\t\t\t\t<h2 class=\"elementor-heading-title elementor-size-default\">\"Vi \u00f8nsker dig et <span style=\"color: #FCE0A1\">vidunderligt<\/span> ophold i vores dejlige lejlighed p\u00e5 en af \u200b\u200bde bedste beliggenheder i Sydeuropa\u201d.<\/h2>\t\t\t\t<\/div>\n\t\t\t\t<\/div>\n\t\t\t\t<\/div>\n\t\t\t\t\t<\/div>\n\t\t\t\t<\/div>\n\t\t\t\t<\/div>","protected":false},"excerpt":{"rendered":"<p>Welcome to Ocean View Located in the hills bordering a unique and protected nature area, Ocean View occupies a privileged position just moments from charming Andalusian villages, the areas most sought after sport facilities, stunning beaches and the many attractions of Marbella. See apartment Greeting from the owners We wish you a wonderful stay in [&hellip;]<\/p>\n","protected":false},"author":1,"featured_media":0,"parent":0,"menu_order":0,"comment_status":"closed","ping_status":"closed","template":"","meta":{"footnotes":""},"class_list":["post-1064","page","type-page","status-publish","hentry"],"yoast_head":"<!-- This site is optimized with the Yoast SEO plugin v27.4 - https:\/\/yoast.com\/product\/yoast-seo-wordpress\/ -->\n<title>About - Ocean View<\/title>\n<meta name=\"robots\" content=\"index, follow, max-snippet:-1, max-image-preview:large, max-video-preview:-1\" \/>\n<link rel=\"canonical\" href=\"https:\/\/marbellaluxapartment.com\/da\/about\/\" \/>\n<meta property=\"og:locale\" content=\"da_DK\" \/>\n<meta property=\"og:type\" content=\"article\" \/>\n<meta property=\"og:title\" content=\"About - Ocean View\" \/>\n<meta property=\"og:description\" content=\"Welcome to Ocean View Located in the hills bordering a unique and protected nature area, Ocean View occupies a privileged position just moments from charming Andalusian villages, the areas most sought after sport facilities, stunning beaches and the many attractions of Marbella. See apartment Greeting from the owners We wish you a wonderful stay in [&hellip;]\" \/>\n<meta property=\"og:url\" content=\"https:\/\/marbellaluxapartment.com\/da\/about\/\" \/>\n<meta property=\"og:site_name\" content=\"Ocean View\" \/>\n<meta property=\"article:modified_time\" content=\"2025-03-22T16:18:35+00:00\" \/>\n<meta property=\"og:image\" content=\"https:\/\/marbellaluxapartment.com\/wp-content\/uploads\/Block-6-2-scaled.jpg\" \/>\n\t<meta property=\"og:image:width\" content=\"2048\" \/>\n\t<meta property=\"og:image:height\" content=\"1024\" \/>\n\t<meta property=\"og:image:type\" content=\"image\/jpeg\" \/>\n<meta name=\"twitter:card\" content=\"summary_large_image\" \/>\n<meta name=\"twitter:label1\" content=\"Estimeret l\u00e6setid\" \/>\n\t<meta name=\"twitter:data1\" content=\"1 minut\" \/>\n<script type=\"application\/ld+json\" class=\"yoast-schema-graph\">{\"@context\":\"https:\\\/\\\/schema.org\",\"@graph\":[{\"@type\":\"WebPage\",\"@id\":\"https:\\\/\\\/marbellaluxapartment.com\\\/about\\\/\",\"url\":\"https:\\\/\\\/marbellaluxapartment.com\\\/about\\\/\",\"name\":\"About - Ocean View\",\"isPartOf\":{\"@id\":\"https:\\\/\\\/marbellaluxapartment.com\\\/#website\"},\"primaryImageOfPage\":{\"@id\":\"https:\\\/\\\/marbellaluxapartment.com\\\/about\\\/#primaryimage\"},\"image\":{\"@id\":\"https:\\\/\\\/marbellaluxapartment.com\\\/about\\\/#primaryimage\"},\"thumbnailUrl\":\"https:\\\/\\\/marbellaluxapartment.com\\\/wp-content\\\/uploads\\\/Block-6-2-1024x512.jpg\",\"datePublished\":\"2023-11-01T13:31:15+00:00\",\"dateModified\":\"2025-03-22T16:18:35+00:00\",\"inLanguage\":\"da-DK\",\"potentialAction\":[{\"@type\":\"ReadAction\",\"target\":[\"https:\\\/\\\/marbellaluxapartment.com\\\/about\\\/\"]}]},{\"@type\":\"ImageObject\",\"inLanguage\":\"da-DK\",\"@id\":\"https:\\\/\\\/marbellaluxapartment.com\\\/about\\\/#primaryimage\",\"url\":\"https:\\\/\\\/marbellaluxapartment.com\\\/wp-content\\\/uploads\\\/Block-6-2-1024x512.jpg\",\"contentUrl\":\"https:\\\/\\\/marbellaluxapartment.com\\\/wp-content\\\/uploads\\\/Block-6-2-1024x512.jpg\"},{\"@type\":\"WebSite\",\"@id\":\"https:\\\/\\\/marbellaluxapartment.com\\\/#website\",\"url\":\"https:\\\/\\\/marbellaluxapartment.com\\\/\",\"name\":\"Ocean View\",\"description\":\"\",\"potentialAction\":[{\"@type\":\"SearchAction\",\"target\":{\"@type\":\"EntryPoint\",\"urlTemplate\":\"https:\\\/\\\/marbellaluxapartment.com\\\/?s={search_term_string}\"},\"query-input\":{\"@type\":\"PropertyValueSpecification\",\"valueRequired\":true,\"valueName\":\"search_term_string\"}}],\"inLanguage\":\"da-DK\"}]}<\/script>\n<!-- \/ Yoast SEO plugin. -->","yoast_head_json":{"title":"About - Ocean View","robots":{"index":"index","follow":"follow","max-snippet":"max-snippet:-1","max-image-preview":"max-image-preview:large","max-video-preview":"max-video-preview:-1"},"canonical":"https:\/\/marbellaluxapartment.com\/da\/about\/","og_locale":"da_DK","og_type":"article","og_title":"About - Ocean View","og_description":"Welcome to Ocean View Located in the hills bordering a unique and protected nature area, Ocean View occupies a privileged position just moments from charming Andalusian villages, the areas most sought after sport facilities, stunning beaches and the many attractions of Marbella. See apartment Greeting from the owners We wish you a wonderful stay in [&hellip;]","og_url":"https:\/\/marbellaluxapartment.com\/da\/about\/","og_site_name":"Ocean View","article_modified_time":"2025-03-22T16:18:35+00:00","og_image":[{"width":2048,"height":1024,"url":"https:\/\/marbellaluxapartment.com\/wp-content\/uploads\/Block-6-2-scaled.jpg","type":"image\/jpeg"}],"twitter_card":"summary_large_image","twitter_misc":{"Estimeret l\u00e6setid":"1 minut"},"schema":{"@context":"https:\/\/schema.org","@graph":[{"@type":"WebPage","@id":"https:\/\/marbellaluxapartment.com\/about\/","url":"https:\/\/marbellaluxapartment.com\/about\/","name":"About - Ocean View","isPartOf":{"@id":"https:\/\/marbellaluxapartment.com\/#website"},"primaryImageOfPage":{"@id":"https:\/\/marbellaluxapartment.com\/about\/#primaryimage"},"image":{"@id":"https:\/\/marbellaluxapartment.com\/about\/#primaryimage"},"thumbnailUrl":"https:\/\/marbellaluxapartment.com\/wp-content\/uploads\/Block-6-2-1024x512.jpg","datePublished":"2023-11-01T13:31:15+00:00","dateModified":"2025-03-22T16:18:35+00:00","inLanguage":"da-DK","potentialAction":[{"@type":"ReadAction","target":["https:\/\/marbellaluxapartment.com\/about\/"]}]},{"@type":"ImageObject","inLanguage":"da-DK","@id":"https:\/\/marbellaluxapartment.com\/about\/#primaryimage","url":"https:\/\/marbellaluxapartment.com\/wp-content\/uploads\/Block-6-2-1024x512.jpg","contentUrl":"https:\/\/marbellaluxapartment.com\/wp-content\/uploads\/Block-6-2-1024x512.jpg"},{"@type":"WebSite","@id":"https:\/\/marbellaluxapartment.com\/#website","url":"https:\/\/marbellaluxapartment.com\/","name":"Ocean View","description":"","potentialAction":[{"@type":"SearchAction","target":{"@type":"EntryPoint","urlTemplate":"https:\/\/marbellaluxapartment.com\/?s={search_term_string}"},"query-input":{"@type":"PropertyValueSpecification","valueRequired":true,"valueName":"search_term_string"}}],"inLanguage":"da-DK"}]}},"_links":{"self":[{"href":"https:\/\/marbellaluxapartment.com\/da\/wp-json\/wp\/v2\/pages\/1064","targetHints":{"allow":["GET"]}}],"collection":[{"href":"https:\/\/marbellaluxapartment.com\/da\/wp-json\/wp\/v2\/pages"}],"about":[{"href":"https:\/\/marbellaluxapartment.com\/da\/wp-json\/wp\/v2\/types\/page"}],"author":[{"embeddable":true,"href":"https:\/\/marbellaluxapartment.com\/da\/wp-json\/wp\/v2\/users\/1"}],"replies":[{"embeddable":true,"href":"https:\/\/marbellaluxapartment.com\/da\/wp-json\/wp\/v2\/comments?post=1064"}],"version-history":[{"count":20,"href":"https:\/\/marbellaluxapartment.com\/da\/wp-json\/wp\/v2\/pages\/1064\/revisions"}],"predecessor-version":[{"id":2718,"href":"https:\/\/marbellaluxapartment.com\/da\/wp-json\/wp\/v2\/pages\/1064\/revisions\/2718"}],"wp:attachment":[{"href":"https:\/\/marbellaluxapartment.com\/da\/wp-json\/wp\/v2\/media?parent=1064"}],"curies":[{"name":"wp","href":"https:\/\/api.w.org\/{rel}","templated":true}]}}