{"id":1554,"date":"2025-02-12T08:24:48","date_gmt":"2025-02-12T07:24:48","guid":{"rendered":"https:\/\/marbellaluxapartment.com\/?page_id=1554"},"modified":"2025-03-05T07:50:27","modified_gmt":"2025-03-05T06:50:27","slug":"leisure-activities-golf","status":"publish","type":"page","link":"https:\/\/marbellaluxapartment.com\/da\/leisure-activities-golf\/","title":{"rendered":"Fritidsaktiviteter\/Golf"},"content":{"rendered":"<div data-elementor-type=\"wp-page\" data-elementor-id=\"1554\" class=\"elementor elementor-1554\" data-elementor-post-type=\"page\">\n\t\t\t\t<div class=\"elementor-element elementor-element-207d70f e-flex e-con-boxed e-con e-parent\" data-id=\"207d70f\" data-element_type=\"container\" data-e-type=\"container\" data-settings=\"{&quot;background_background&quot;:&quot;classic&quot;}\">\n\t\t\t\t\t<div class=\"e-con-inner\">\n\t\t<div class=\"elementor-element elementor-element-c9c47e7 e-con-full e-flex e-con e-child\" data-id=\"c9c47e7\" data-element_type=\"container\" data-e-type=\"container\">\n\t\t\t\t<\/div>\n\t\t\t\t\t<\/div>\n\t\t\t\t<\/div>\n\t\t<div class=\"elementor-element elementor-element-02d5420 e-flex e-con-boxed e-con e-parent\" data-id=\"02d5420\" data-element_type=\"container\" data-e-type=\"container\" data-settings=\"{&quot;background_background&quot;:&quot;classic&quot;}\">\n\t\t\t\t\t<div class=\"e-con-inner\">\n\t\t<div class=\"elementor-element elementor-element-3337313 e-con-full e-flex e-con e-child\" data-id=\"3337313\" data-element_type=\"container\" data-e-type=\"container\" data-settings=\"{&quot;animation_mobile&quot;:&quot;fadeInUp&quot;}\">\n\t\t<div class=\"elementor-element elementor-element-e66de98 e-con-full e-flex e-con e-child\" data-id=\"e66de98\" data-element_type=\"container\" data-e-type=\"container\">\n\t\t\t\t<div class=\"elementor-element elementor-element-d5f009c elementor-widget elementor-widget-heading\" data-id=\"d5f009c\" data-element_type=\"widget\" data-e-type=\"widget\" data-widget_type=\"heading.default\">\n\t\t\t\t<div class=\"elementor-widget-container\">\n\t\t\t\t\t<h2 class=\"elementor-heading-title elementor-size-default\">En destination med tilsyneladende ubegr\u00e6nsede muligheder og noget for alle aldre.<\/h2>\t\t\t\t<\/div>\n\t\t\t\t<\/div>\n\t\t\t\t<\/div>\n\t\t<div class=\"elementor-element elementor-element-1711a3c e-con-full e-flex e-con e-child\" data-id=\"1711a3c\" data-element_type=\"container\" data-e-type=\"container\">\n\t\t\t\t<div class=\"elementor-element elementor-element-a2dd888 elementor-widget elementor-widget-text-editor\" data-id=\"a2dd888\" data-element_type=\"widget\" data-e-type=\"widget\" data-widget_type=\"text-editor.default\">\n\t\t\t\t<div class=\"elementor-widget-container\">\n\t\t\t\t\t\t\t\t\tAndalusien er en region gennemsyret af ekstraordin\u00e6r arv, et utal af kultur og ubesv\u00e6ret naturlig sk\u00f8nhed. Kombineret med attraktionerne i Riviera-stil i Marbella er det en destination med tilsyneladende ubegr\u00e6nsede muligheder og noget for alle aldre.\n\n\t\t\t\t\t\t\t\t<\/div>\n\t\t\t\t<\/div>\n\t\t\t\t<div class=\"elementor-element elementor-element-440b1b6 elementor-mobile-align-justify elementor-widget-mobile__width-inherit elementor-widget elementor-widget-button\" data-id=\"440b1b6\" data-element_type=\"widget\" data-e-type=\"widget\" data-widget_type=\"button.default\">\n\t\t\t\t<div class=\"elementor-widget-container\">\n\t\t\t\t\t\t\t\t\t<div class=\"elementor-button-wrapper\">\n\t\t\t\t\t<a class=\"elementor-button elementor-button-link elementor-size-sm elementor-animation-bob\" href=\"https:\/\/marbellaluxapartment.com\/da\/book\/\">\n\t\t\t\t\t\t<span class=\"elementor-button-content-wrapper\">\n\t\t\t\t\t\t<span class=\"elementor-button-icon\">\n\t\t\t\t<i aria-hidden=\"true\" class=\"fal fa-long-arrow-right\"><\/i>\t\t\t<\/span>\n\t\t\t\t\t\t\t\t\t<span class=\"elementor-button-text\">Kontakt os<\/span>\n\t\t\t\t\t<\/span>\n\t\t\t\t\t<\/a>\n\t\t\t\t<\/div>\n\t\t\t\t\t\t\t\t<\/div>\n\t\t\t\t<\/div>\n\t\t\t\t<\/div>\n\t\t\t\t<\/div>\n\t\t<div class=\"elementor-element elementor-element-4f05af0 e-con-full e-flex e-con e-child\" data-id=\"4f05af0\" data-element_type=\"container\" data-e-type=\"container\" data-settings=\"{&quot;animation_mobile&quot;:&quot;fadeInUp&quot;}\">\n\t\t<a class=\"elementor-element elementor-element-1924fe1 e-con-full e-flex elementor-invisible e-con e-child\" data-id=\"1924fe1\" data-element_type=\"container\" data-e-type=\"container\" data-settings=\"{&quot;background_background&quot;:&quot;classic&quot;,&quot;animation&quot;:&quot;fadeInRight&quot;,&quot;animation_mobile&quot;:&quot;fadeInUp&quot;}\" href=\"https:\/\/golfscape.com\/marbella-golf-courses?msclkid=1e43e808af1a1c1d86e28fcfb060cd39&amp;utm_source=bing&amp;utm_medium=cpc&amp;utm_campaign=Brand&amp;utm_term=golfscapemarbella&amp;utm_content=golfscapemarbella-phrase\" target=\"_blank\">\n\t\t<div class=\"elementor-element elementor-element-0602794 e-con-full e-flex e-con e-child\" data-id=\"0602794\" data-element_type=\"container\" data-e-type=\"container\">\n\t\t\t\t<div class=\"elementor-element elementor-element-7b81216 elementor-widget__width-initial elementor-widget elementor-widget-heading\" data-id=\"7b81216\" data-element_type=\"widget\" data-e-type=\"widget\" data-widget_type=\"heading.default\">\n\t\t\t\t<div class=\"elementor-widget-container\">\n\t\t\t\t\t<h3 class=\"elementor-heading-title elementor-size-default\">Verdenskendte golfbaner<\/h3>\t\t\t\t<\/div>\n\t\t\t\t<\/div>\n\t\t\t\t<div class=\"elementor-element elementor-element-b1a20da elementor-widget elementor-widget-text-editor\" data-id=\"b1a20da\" data-element_type=\"widget\" data-e-type=\"widget\" data-widget_type=\"text-editor.default\">\n\t\t\t\t<div class=\"elementor-widget-container\">\n\t\t\t\t\t\t\t\t\tCosta del Sol er kendt over hele verden som en fantastisk golfdestination med et udbud af over 70 golfbaner, herunder nogle af de bedste golfbaner i Spanien og Europa.\t\t\t\t\t\t\t\t<\/div>\n\t\t\t\t<\/div>\n\t\t\t\t<\/div>\n\t\t\t\t<\/a>\n\t\t<div class=\"elementor-element elementor-element-c9fa1d6 e-con-full e-flex elementor-invisible e-con e-child\" data-id=\"c9fa1d6\" data-element_type=\"container\" data-e-type=\"container\" data-settings=\"{&quot;animation&quot;:&quot;fadeInLeft&quot;,&quot;animation_mobile&quot;:&quot;fadeInUp&quot;}\">\n\t\t<a class=\"elementor-element elementor-element-791c03a e-con-full e-flex e-con e-child\" data-id=\"791c03a\" data-element_type=\"container\" data-e-type=\"container\" data-settings=\"{&quot;background_background&quot;:&quot;classic&quot;}\" href=\"https:\/\/marbellaluxapartment.com\/da\/2-marbella-boat-charter-info\/\" target=\"_blank\">\n\t\t\t\t<div class=\"elementor-element elementor-element-7295141 elementor-widget elementor-widget-heading\" data-id=\"7295141\" data-element_type=\"widget\" data-e-type=\"widget\" data-widget_type=\"heading.default\">\n\t\t\t\t<div class=\"elementor-widget-container\">\n\t\t\t\t\t<h3 class=\"elementor-heading-title elementor-size-default\">Marbella b\u00e5dcharter<\/h3>\t\t\t\t<\/div>\n\t\t\t\t<\/div>\n\t\t\t\t<\/a>\n\t\t<a class=\"elementor-element elementor-element-7d92972 e-con-full e-flex e-con e-child\" data-id=\"7d92972\" data-element_type=\"container\" data-e-type=\"container\" data-settings=\"{&quot;background_background&quot;:&quot;classic&quot;}\" href=\"https:\/\/marbellaluxapartment.com\/da\/1-marbella-old-town-moment\/\" target=\"_blank\">\n\t\t\t\t<div class=\"elementor-element elementor-element-d87461b elementor-widget elementor-widget-heading\" data-id=\"d87461b\" data-element_type=\"widget\" data-e-type=\"widget\" data-widget_type=\"heading.default\">\n\t\t\t\t<div class=\"elementor-widget-container\">\n\t\t\t\t\t<h3 class=\"elementor-heading-title elementor-size-default\">Marbella by<\/h3>\t\t\t\t<\/div>\n\t\t\t\t<\/div>\n\t\t\t\t<\/a>\n\t\t\t\t<\/div>\n\t\t\t\t<\/div>\n\t\t<div class=\"elementor-element elementor-element-7b38bb1 e-con-full e-flex elementor-invisible e-con e-child\" data-id=\"7b38bb1\" data-element_type=\"container\" data-e-type=\"container\" data-settings=\"{&quot;animation&quot;:&quot;fadeInUp&quot;,&quot;animation_mobile&quot;:&quot;fadeInUp&quot;}\">\n\t\t<div class=\"elementor-element elementor-element-4ce2f43 e-con-full e-flex e-con e-child\" data-id=\"4ce2f43\" data-element_type=\"container\" data-e-type=\"container\">\n\t\t<a class=\"elementor-element elementor-element-dc64aad e-con-full e-flex e-con e-child\" data-id=\"dc64aad\" data-element_type=\"container\" data-e-type=\"container\" data-settings=\"{&quot;background_background&quot;:&quot;classic&quot;}\" href=\"https:\/\/marbellaluxapartment.com\/da\/2-puerto-banus-sea-adventure-moment\/\" target=\"_blank\">\n\t\t\t\t<div class=\"elementor-element elementor-element-6cc1a3f elementor-widget elementor-widget-heading\" data-id=\"6cc1a3f\" data-element_type=\"widget\" data-e-type=\"widget\" data-widget_type=\"heading.default\">\n\t\t\t\t<div class=\"elementor-widget-container\">\n\t\t\t\t\t<h3 class=\"elementor-heading-title elementor-size-default\">Puerto ban\u00fas og haveventyr<\/h3>\t\t\t\t<\/div>\n\t\t\t\t<\/div>\n\t\t\t\t<\/a>\n\t\t<a class=\"elementor-element elementor-element-0d42bf7 e-con-full e-flex e-con e-child\" data-id=\"0d42bf7\" data-element_type=\"container\" data-e-type=\"container\" data-settings=\"{&quot;background_background&quot;:&quot;classic&quot;}\" href=\"https:\/\/marbellaluxapartment.com\/da\/4-marbella-evenings-moment\/\" target=\"_blank\">\n\t\t\t\t<div class=\"elementor-element elementor-element-3b11b0b elementor-widget elementor-widget-heading\" data-id=\"3b11b0b\" data-element_type=\"widget\" data-e-type=\"widget\" data-widget_type=\"heading.default\">\n\t\t\t\t<div class=\"elementor-widget-container\">\n\t\t\t\t\t<h3 class=\"elementor-heading-title elementor-size-default\">Marbella aftener<\/h3>\t\t\t\t<\/div>\n\t\t\t\t<\/div>\n\t\t\t\t<\/a>\n\t\t<a class=\"elementor-element elementor-element-9780994 e-con-full e-flex e-con e-child\" data-id=\"9780994\" data-element_type=\"container\" data-e-type=\"container\" data-settings=\"{&quot;background_background&quot;:&quot;classic&quot;}\" href=\"https:\/\/marbellaluxapartment.com\/da\/3-marbella-promenade-moment\/\" target=\"_blank\">\n\t\t\t\t<div class=\"elementor-element elementor-element-ebd79ae elementor-widget elementor-widget-heading\" data-id=\"ebd79ae\" data-element_type=\"widget\" data-e-type=\"widget\" data-widget_type=\"heading.default\">\n\t\t\t\t<div class=\"elementor-widget-container\">\n\t\t\t\t\t<h3 class=\"elementor-heading-title elementor-size-default\">Marbella promenade<\/h3>\t\t\t\t<\/div>\n\t\t\t\t<\/div>\n\t\t\t\t<\/a>\n\t\t\t\t<\/div>\n\t\t\t\t<\/div>\n\t\t\t\t\t<\/div>\n\t\t\t\t<\/div>\n\t\t\t\t<\/div>","protected":false},"excerpt":{"rendered":"<p>A destination with seemingly limitless possibilities and something for all ages. Andalusia is a region steeped in extraordinary heritage, a myriad culture and effortless natural beauty. Combined with the Riviera style attractions of Marbella, it\u2019s a destination with seemingly limitless possibilities and something for all ages. Contact us World renowned golf courses The Costa del [&hellip;]<\/p>\n","protected":false},"author":1,"featured_media":0,"parent":0,"menu_order":0,"comment_status":"closed","ping_status":"closed","template":"","meta":{"footnotes":""},"class_list":["post-1554","page","type-page","status-publish","hentry"],"yoast_head":"<!-- This site is optimized with the Yoast SEO plugin v27.4 - https:\/\/yoast.com\/product\/yoast-seo-wordpress\/ -->\n<title>Leisure activities\/Golf\u200b - Ocean View<\/title>\n<meta name=\"robots\" content=\"index, follow, max-snippet:-1, max-image-preview:large, max-video-preview:-1\" \/>\n<link rel=\"canonical\" href=\"https:\/\/marbellaluxapartment.com\/da\/leisure-activities-golf\/\" \/>\n<meta property=\"og:locale\" content=\"da_DK\" \/>\n<meta property=\"og:type\" content=\"article\" \/>\n<meta property=\"og:title\" content=\"Leisure activities\/Golf\u200b - Ocean View\" \/>\n<meta property=\"og:description\" content=\"A destination with seemingly limitless possibilities and something for all ages. Andalusia is a region steeped in extraordinary heritage, a myriad culture and effortless natural beauty. Combined with the Riviera style attractions of Marbella, it\u2019s a destination with seemingly limitless possibilities and something for all ages. Contact us World renowned golf courses The Costa del [&hellip;]\" \/>\n<meta property=\"og:url\" content=\"https:\/\/marbellaluxapartment.com\/da\/leisure-activities-golf\/\" \/>\n<meta property=\"og:site_name\" content=\"Ocean View\" \/>\n<meta property=\"article:modified_time\" content=\"2025-03-05T06:50:27+00:00\" \/>\n<meta name=\"twitter:card\" content=\"summary_large_image\" \/>\n<meta name=\"twitter:label1\" content=\"Estimeret l\u00e6setid\" \/>\n\t<meta name=\"twitter:data1\" content=\"1 minut\" \/>\n<script type=\"application\/ld+json\" class=\"yoast-schema-graph\">{\"@context\":\"https:\\\/\\\/schema.org\",\"@graph\":[{\"@type\":\"WebPage\",\"@id\":\"https:\\\/\\\/marbellaluxapartment.com\\\/leisure-activities-golf\\\/\",\"url\":\"https:\\\/\\\/marbellaluxapartment.com\\\/leisure-activities-golf\\\/\",\"name\":\"Leisure activities\\\/Golf\u200b - Ocean View\",\"isPartOf\":{\"@id\":\"https:\\\/\\\/marbellaluxapartment.com\\\/#website\"},\"datePublished\":\"2025-02-12T07:24:48+00:00\",\"dateModified\":\"2025-03-05T06:50:27+00:00\",\"inLanguage\":\"da-DK\",\"potentialAction\":[{\"@type\":\"ReadAction\",\"target\":[\"https:\\\/\\\/marbellaluxapartment.com\\\/leisure-activities-golf\\\/\"]}]},{\"@type\":\"WebSite\",\"@id\":\"https:\\\/\\\/marbellaluxapartment.com\\\/#website\",\"url\":\"https:\\\/\\\/marbellaluxapartment.com\\\/\",\"name\":\"Ocean View\",\"description\":\"\",\"potentialAction\":[{\"@type\":\"SearchAction\",\"target\":{\"@type\":\"EntryPoint\",\"urlTemplate\":\"https:\\\/\\\/marbellaluxapartment.com\\\/?s={search_term_string}\"},\"query-input\":{\"@type\":\"PropertyValueSpecification\",\"valueRequired\":true,\"valueName\":\"search_term_string\"}}],\"inLanguage\":\"da-DK\"}]}<\/script>\n<!-- \/ Yoast SEO plugin. -->","yoast_head_json":{"title":"Leisure activities\/Golf\u200b - Ocean View","robots":{"index":"index","follow":"follow","max-snippet":"max-snippet:-1","max-image-preview":"max-image-preview:large","max-video-preview":"max-video-preview:-1"},"canonical":"https:\/\/marbellaluxapartment.com\/da\/leisure-activities-golf\/","og_locale":"da_DK","og_type":"article","og_title":"Leisure activities\/Golf\u200b - Ocean View","og_description":"A destination with seemingly limitless possibilities and something for all ages. Andalusia is a region steeped in extraordinary heritage, a myriad culture and effortless natural beauty. Combined with the Riviera style attractions of Marbella, it\u2019s a destination with seemingly limitless possibilities and something for all ages. Contact us World renowned golf courses The Costa del [&hellip;]","og_url":"https:\/\/marbellaluxapartment.com\/da\/leisure-activities-golf\/","og_site_name":"Ocean View","article_modified_time":"2025-03-05T06:50:27+00:00","twitter_card":"summary_large_image","twitter_misc":{"Estimeret l\u00e6setid":"1 minut"},"schema":{"@context":"https:\/\/schema.org","@graph":[{"@type":"WebPage","@id":"https:\/\/marbellaluxapartment.com\/leisure-activities-golf\/","url":"https:\/\/marbellaluxapartment.com\/leisure-activities-golf\/","name":"Leisure activities\/Golf\u200b - Ocean View","isPartOf":{"@id":"https:\/\/marbellaluxapartment.com\/#website"},"datePublished":"2025-02-12T07:24:48+00:00","dateModified":"2025-03-05T06:50:27+00:00","inLanguage":"da-DK","potentialAction":[{"@type":"ReadAction","target":["https:\/\/marbellaluxapartment.com\/leisure-activities-golf\/"]}]},{"@type":"WebSite","@id":"https:\/\/marbellaluxapartment.com\/#website","url":"https:\/\/marbellaluxapartment.com\/","name":"Ocean View","description":"","potentialAction":[{"@type":"SearchAction","target":{"@type":"EntryPoint","urlTemplate":"https:\/\/marbellaluxapartment.com\/?s={search_term_string}"},"query-input":{"@type":"PropertyValueSpecification","valueRequired":true,"valueName":"search_term_string"}}],"inLanguage":"da-DK"}]}},"_links":{"self":[{"href":"https:\/\/marbellaluxapartment.com\/da\/wp-json\/wp\/v2\/pages\/1554","targetHints":{"allow":["GET"]}}],"collection":[{"href":"https:\/\/marbellaluxapartment.com\/da\/wp-json\/wp\/v2\/pages"}],"about":[{"href":"https:\/\/marbellaluxapartment.com\/da\/wp-json\/wp\/v2\/types\/page"}],"author":[{"embeddable":true,"href":"https:\/\/marbellaluxapartment.com\/da\/wp-json\/wp\/v2\/users\/1"}],"replies":[{"embeddable":true,"href":"https:\/\/marbellaluxapartment.com\/da\/wp-json\/wp\/v2\/comments?post=1554"}],"version-history":[{"count":20,"href":"https:\/\/marbellaluxapartment.com\/da\/wp-json\/wp\/v2\/pages\/1554\/revisions"}],"predecessor-version":[{"id":2572,"href":"https:\/\/marbellaluxapartment.com\/da\/wp-json\/wp\/v2\/pages\/1554\/revisions\/2572"}],"wp:attachment":[{"href":"https:\/\/marbellaluxapartment.com\/da\/wp-json\/wp\/v2\/media?parent=1554"}],"curies":[{"name":"wp","href":"https:\/\/api.w.org\/{rel}","templated":true}]}}